{"id":346,"date":"2021-07-21T12:41:32","date_gmt":"2021-07-21T12:41:32","guid":{"rendered":"https:\/\/blusoft.org\/?page_id=346"},"modified":"2021-07-21T12:41:33","modified_gmt":"2021-07-21T12:41:33","slug":"terms-conditions","status":"publish","type":"page","link":"https:\/\/blusoft.org\/es\/terms-conditions\/","title":{"rendered":"T\u00e9rminos y condiciones"},"content":{"rendered":"<p class=\" translation-block\">Un documento de <strong><em>T\u00e9rminos y Condiciones <\/em><\/strong> para un sitio web es un acuerdo que el sitio web hace con sus usuarios sobre c\u00f3mo utilizar el sitio correctamente, as\u00ed como las obligaciones y responsabilidades de cada uno. La mayor\u00eda de los sitios web, especialmente los comerciales, tienen una parte dedicada a los T\u00e9rminos y Condiciones, porque es el documento m\u00e1s importante para que <strong>los usuarios del sitio sepan lo que se espera de ellos<\/strong>. Para los propietarios\/operadores que dirigen cualquier tipo de sitio web comercial o personal que permite la interacci\u00f3n de los usuarios, es una buena idea tener un documento claramente establecido con todos los T\u00e9rminos y Condiciones necesarios.<\/p>\n\n\n\n<p class=\" translation-block\">Una de las principales funciones de un documento de T\u00e9rminos y Condiciones es describir lo que suceder\u00e1 en una variedad de situaciones posibles, incluyendo <strong>si el usuario rompe las reglas<\/strong> y debe tener su cuenta terminada. Si el usuario va sabiendo qu\u00e9 esperar, es menos probable que haya problemas entre el usuario y el sitio web en el futuro.<\/p>\n\n\n\n<p>El documento de T\u00e9rminos y Condiciones de cualquier sitio web crea un conjunto de normas legalmente vinculantes para el usuario, as\u00ed como, en la mayor\u00eda de los casos, para el propietario del sitio web. En \u00e9l se establecen las expectativas de cada una de las partes y se garantiza que el uso del sitio web se desarrolle sin problemas para ambas.<\/p>\n\n\n\n<p class=\" translation-block\">Este documento es diferente a un <a href=\"https:\/\/www.wonder.legal\/us\/modele\/privacy-policy-website-mobile-app\" target=\"_self\" role=\"link\"> Pol\u00edtica de privacidad<\/a>.Aunque un documento de T\u00e9rminos y Condiciones puede contener alguna informaci\u00f3n sobre las pr\u00e1cticas de privacidad del propietario del sitio web, una <strong>Pol\u00edtica de Privacidad<\/strong> es un documento mucho m\u00e1s detallado, que cubre de forma exhaustiva cada aspecto de la privacidad del usuario.<\/p>\n\n\n\n<p><strong>C\u00f3mo utilizar este documento<\/strong><\/p>\n\n\n\n<p class=\" translation-block\">Estos T\u00e9rminos y Condiciones describen las <strong>responsabilidades b\u00e1sicas de un usuario<\/strong> de un sitio web, incluyendo lo que el usuario puede y no puede hacer, lo que ocurre en caso de disputa y c\u00f3mo se puede cancelar la cuenta del usuario si es necesario. Este documento debe utilizarse para un propietario\/operador <strong>que acaba de crear un nuevo sitio web empresarial o personal<\/strong>, o cuando un propietario\/operador desea actualizar las normas de su sitio web actual.<\/p>\n\n\n\n<p>En este documento, el operador puede elegir varios modelos diferentes para lo que hace el sitio web, como por ejemplo si vende productos o servicios, da consejos profesionales o permite a otros usuarios publicar contenidos como fotos, v\u00eddeos o actualizaciones de estado. Tambi\u00e9n aborda lo que ocurre si el usuario hace algo que perjudique al sitio web, como violar los derechos de propiedad intelectual del propietario\/operador.<\/p>\n\n\n\n<p class=\" translation-block\">Es importante destacar que en estos T\u00e9rminos y Condiciones, el propietario\/operador puede elegir <strong>en qu\u00e9 estado se encuentra principalmente el negocio<\/strong>, que aplicar\u00e1 la ley de ese estado a este documento.<\/p>\n\n\n\n<p>Despu\u00e9s de rellenar este documento, debe colocarse en su propia p\u00e1gina separada en un sitio web. Lo ideal es que esa p\u00e1gina est\u00e9 enlazada desde la p\u00e1gina de inicio bajo la frase \"T\u00e9rminos y condiciones\".<\/p>\n\n\n\n<p><strong>Legislaci\u00f3n aplicable<\/strong><\/p>\n\n\n\n<p class=\" translation-block\">Aunque no existe un conjunto de leyes o reglamentos que definan lo que deben contener los T\u00e9rminos y Condiciones de un sitio web, las divulgaciones de los sitios web se rigen ampliamente por la legislaci\u00f3n vigente y las leyes de publicidad y privacidad de la<strong> Comisi\u00f3n Federal de Comercio.<\/strong><\/p>\n\n\n\n<p class=\" translation-block\">Los t\u00e9rminos y condiciones no son estrictamente necesarios para los sitios web en vivo, pero tener un conjunto de t\u00e9rminos y condiciones permite al propietario\/operador determinar las reglas para otros que utilizan el sitio web. En concreto, tambi\u00e9n, <strong>una buena pr\u00e1ctica<\/strong> para un documento de T\u00e9rminos y Condiciones es tratar de dar al usuario informaci\u00f3n sobre lo que ocurre en casi cualquier situaci\u00f3n de su interacci\u00f3n con el sitio web.<\/p>\n\n\n\n<p><strong>C\u00f3mo modificar la plantilla<\/strong><\/p>\n\n\n\n<p>Usted rellena un formulario. El documento se crea ante tus ojos mientras respondes a las preguntas.<\/p>","protected":false},"excerpt":{"rendered":"<p>A&nbsp;Terms &amp; Conditions&nbsp;document for a website is an agreement the website makes with its users about how to use the site properly, as well as the obligations and responsibilities of each. Most websites, especially commercial websites, have a portion of the site devoted to Terms &amp; Conditions, because it&#8217;s the most important document for&nbsp;letting site&hellip; <br \/> <a class=\"read-more\" href=\"https:\/\/blusoft.org\/es\/terms-conditions\/\">Leer m\u00e1s<\/a><\/p>","protected":false},"author":1,"featured_media":0,"parent":0,"menu_order":0,"comment_status":"closed","ping_status":"closed","template":"","meta":{"_monsterinsights_skip_tracking":false,"_monsterinsights_sitenote_active":false,"_monsterinsights_sitenote_note":"","_monsterinsights_sitenote_category":0,"_ti_tpc_template_sync":false,"_ti_tpc_template_id":"","footnotes":""},"class_list":["post-346","page","type-page","status-publish","hentry"],"yoast_head":"<!-- This site is optimized with the Yoast SEO plugin v25.6 - https:\/\/yoast.com\/wordpress\/plugins\/seo\/ -->\n<title>Terms &amp; Conditions - Blusoft<\/title>\n<meta name=\"robots\" content=\"index, follow, max-snippet:-1, max-image-preview:large, max-video-preview:-1\" \/>\n<link rel=\"canonical\" href=\"https:\/\/blusoft.org\/es\/terms-conditions\/\" \/>\n<meta property=\"og:locale\" content=\"es_ES\" \/>\n<meta property=\"og:type\" content=\"article\" \/>\n<meta property=\"og:title\" content=\"Terms &amp; Conditions - Blusoft\" \/>\n<meta property=\"og:description\" content=\"A&nbsp;Terms &amp; Conditions&nbsp;document for a website is an agreement the website makes with its users about how to use the site properly, as well as the obligations and responsibilities of each. Most websites, especially commercial websites, have a portion of the site devoted to Terms &amp; Conditions, because it&#8217;s the most important document for&nbsp;letting site&hellip; Leer m\u00e1s\" \/>\n<meta property=\"og:url\" content=\"https:\/\/blusoft.org\/es\/terms-conditions\/\" \/>\n<meta property=\"og:site_name\" content=\"Blusoft\" \/>\n<meta property=\"article:modified_time\" content=\"2021-07-21T12:41:33+00:00\" \/>\n<meta name=\"twitter:card\" content=\"summary_large_image\" \/>\n<meta name=\"twitter:label1\" content=\"Tiempo de lectura\" \/>\n\t<meta name=\"twitter:data1\" content=\"3 minutos\" \/>\n<script type=\"application\/ld+json\" class=\"yoast-schema-graph\">{\"@context\":\"https:\/\/schema.org\",\"@graph\":[{\"@type\":\"WebPage\",\"@id\":\"https:\/\/blusoft.org\/terms-conditions\/\",\"url\":\"https:\/\/blusoft.org\/terms-conditions\/\",\"name\":\"Terms & Conditions - Blusoft\",\"isPartOf\":{\"@id\":\"https:\/\/blusoft.org\/es\/#website\"},\"datePublished\":\"2021-07-21T12:41:32+00:00\",\"dateModified\":\"2021-07-21T12:41:33+00:00\",\"breadcrumb\":{\"@id\":\"https:\/\/blusoft.org\/terms-conditions\/#breadcrumb\"},\"inLanguage\":\"es\",\"potentialAction\":[{\"@type\":\"ReadAction\",\"target\":[\"https:\/\/blusoft.org\/terms-conditions\/\"]}]},{\"@type\":\"BreadcrumbList\",\"@id\":\"https:\/\/blusoft.org\/terms-conditions\/#breadcrumb\",\"itemListElement\":[{\"@type\":\"ListItem\",\"position\":1,\"name\":\"Home\",\"item\":\"https:\/\/blusoft.org\/\"},{\"@type\":\"ListItem\",\"position\":2,\"name\":\"Terms &#038; Conditions\"}]},{\"@type\":\"WebSite\",\"@id\":\"https:\/\/blusoft.org\/es\/#website\",\"url\":\"https:\/\/blusoft.org\/es\/\",\"name\":\"Blusoft\",\"description\":\"\",\"publisher\":{\"@id\":\"https:\/\/blusoft.org\/es\/#organization\"},\"potentialAction\":[{\"@type\":\"SearchAction\",\"target\":{\"@type\":\"EntryPoint\",\"urlTemplate\":\"https:\/\/blusoft.org\/es\/?s={search_term_string}\"},\"query-input\":{\"@type\":\"PropertyValueSpecification\",\"valueRequired\":true,\"valueName\":\"search_term_string\"}}],\"inLanguage\":\"es\"},{\"@type\":\"Organization\",\"@id\":\"https:\/\/blusoft.org\/es\/#organization\",\"name\":\"blusoft\",\"url\":\"https:\/\/blusoft.org\/es\/\",\"logo\":{\"@type\":\"ImageObject\",\"inLanguage\":\"es\",\"@id\":\"https:\/\/blusoft.org\/es\/#\/schema\/logo\/image\/\",\"url\":\"https:\/\/blusoft.org\/wp-content\/uploads\/2021\/05\/bit-removebg-preview-e1621878579204.png\",\"contentUrl\":\"https:\/\/blusoft.org\/wp-content\/uploads\/2021\/05\/bit-removebg-preview-e1621878579204.png\",\"width\":500,\"height\":125,\"caption\":\"blusoft\"},\"image\":{\"@id\":\"https:\/\/blusoft.org\/es\/#\/schema\/logo\/image\/\"}}]}<\/script>\n<!-- \/ Yoast SEO plugin. -->","yoast_head_json":{"title":"Terms & Conditions - Blusoft","robots":{"index":"index","follow":"follow","max-snippet":"max-snippet:-1","max-image-preview":"max-image-preview:large","max-video-preview":"max-video-preview:-1"},"canonical":"https:\/\/blusoft.org\/es\/terms-conditions\/","og_locale":"es_ES","og_type":"article","og_title":"Terms & Conditions - Blusoft","og_description":"A&nbsp;Terms &amp; Conditions&nbsp;document for a website is an agreement the website makes with its users about how to use the site properly, as well as the obligations and responsibilities of each. Most websites, especially commercial websites, have a portion of the site devoted to Terms &amp; Conditions, because it&#8217;s the most important document for&nbsp;letting site&hellip; Leer m\u00e1s","og_url":"https:\/\/blusoft.org\/es\/terms-conditions\/","og_site_name":"Blusoft","article_modified_time":"2021-07-21T12:41:33+00:00","twitter_card":"summary_large_image","twitter_misc":{"Tiempo de lectura":"3 minutos"},"schema":{"@context":"https:\/\/schema.org","@graph":[{"@type":"WebPage","@id":"https:\/\/blusoft.org\/terms-conditions\/","url":"https:\/\/blusoft.org\/terms-conditions\/","name":"Terms & Conditions - Blusoft","isPartOf":{"@id":"https:\/\/blusoft.org\/es\/#website"},"datePublished":"2021-07-21T12:41:32+00:00","dateModified":"2021-07-21T12:41:33+00:00","breadcrumb":{"@id":"https:\/\/blusoft.org\/terms-conditions\/#breadcrumb"},"inLanguage":"es","potentialAction":[{"@type":"ReadAction","target":["https:\/\/blusoft.org\/terms-conditions\/"]}]},{"@type":"BreadcrumbList","@id":"https:\/\/blusoft.org\/terms-conditions\/#breadcrumb","itemListElement":[{"@type":"ListItem","position":1,"name":"Home","item":"https:\/\/blusoft.org\/"},{"@type":"ListItem","position":2,"name":"Terms &#038; Conditions"}]},{"@type":"WebSite","@id":"https:\/\/blusoft.org\/es\/#website","url":"https:\/\/blusoft.org\/es\/","name":"Blusoft","description":"","publisher":{"@id":"https:\/\/blusoft.org\/es\/#organization"},"potentialAction":[{"@type":"SearchAction","target":{"@type":"EntryPoint","urlTemplate":"https:\/\/blusoft.org\/es\/?s={search_term_string}"},"query-input":{"@type":"PropertyValueSpecification","valueRequired":true,"valueName":"search_term_string"}}],"inLanguage":"es"},{"@type":"Organization","@id":"https:\/\/blusoft.org\/es\/#organization","name":"blusoft","url":"https:\/\/blusoft.org\/es\/","logo":{"@type":"ImageObject","inLanguage":"es","@id":"https:\/\/blusoft.org\/es\/#\/schema\/logo\/image\/","url":"https:\/\/blusoft.org\/wp-content\/uploads\/2021\/05\/bit-removebg-preview-e1621878579204.png","contentUrl":"https:\/\/blusoft.org\/wp-content\/uploads\/2021\/05\/bit-removebg-preview-e1621878579204.png","width":500,"height":125,"caption":"blusoft"},"image":{"@id":"https:\/\/blusoft.org\/es\/#\/schema\/logo\/image\/"}}]}},"_links":{"self":[{"href":"https:\/\/blusoft.org\/es\/wp-json\/wp\/v2\/pages\/346"}],"collection":[{"href":"https:\/\/blusoft.org\/es\/wp-json\/wp\/v2\/pages"}],"about":[{"href":"https:\/\/blusoft.org\/es\/wp-json\/wp\/v2\/types\/page"}],"author":[{"embeddable":true,"href":"https:\/\/blusoft.org\/es\/wp-json\/wp\/v2\/users\/1"}],"replies":[{"embeddable":true,"href":"https:\/\/blusoft.org\/es\/wp-json\/wp\/v2\/comments?post=346"}],"version-history":[{"count":1,"href":"https:\/\/blusoft.org\/es\/wp-json\/wp\/v2\/pages\/346\/revisions"}],"predecessor-version":[{"id":347,"href":"https:\/\/blusoft.org\/es\/wp-json\/wp\/v2\/pages\/346\/revisions\/347"}],"wp:attachment":[{"href":"https:\/\/blusoft.org\/es\/wp-json\/wp\/v2\/media?parent=346"}],"curies":[{"name":"wp","href":"https:\/\/api.w.org\/{rel}","templated":true}]}}